{"id":678,"date":"2026-01-13T09:22:53","date_gmt":"2026-01-13T08:22:53","guid":{"rendered":"https:\/\/delnord.com\/?post_type=product&#038;p=678"},"modified":"2026-01-13T11:05:26","modified_gmt":"2026-01-13T10:05:26","slug":"rockall-met-deksel","status":"publish","type":"product","link":"https:\/\/delnord.com\/pl\/produkt\/rockall-met-deksel\/","title":{"rendered":"Rockall met Deksel"},"content":{"rendered":"<p><span style=\"color: #ff6600;\">Praktyczna konstrukcja sprawia, \u017ce ten grill to najlepsza kuchnia na \u015bwie\u017cym powietrzu. Otwarty ogie\u0144 tworzy atmosfer\u0119 i emocje.<\/span><br \/>\n<span style=\"color: #ff6600;\">Del Nord Rockall to idealny spos\u00f3b na delektowanie si\u0119 pysznym jedzeniem z przyjaci\u00f3\u0142mi i rodzin\u0105. Zam\u00f3w go ju\u017c teraz i stw\u00f3rz w\u0142asne, niepowtarzalne do\u015bwiadczenie kulinarne.<\/span><\/p>\n<p><strong>Opis produktu<\/strong><\/p>\n<p>Grill Rockall Del Nord to doskona\u0142e po\u0142\u0105czenie trwa\u0142o\u015bci, jako\u015bci i przytulno\u015bci. Ten grill jest wykonany ze stali corten, materia\u0142u o wyj\u0105tkowej jako\u015bci. Stal corten jest znana ze swojej trwa\u0142o\u015bci i d\u0142ugiej \u017cywotno\u015bci, dzi\u0119ki czemu mo\u017cesz cieszy\u0107 si\u0119 tym grillem przez lata, nie martwi\u0105c si\u0119 o zu\u017cycie.<\/p>\n<p>Dumnie zaprojektowany i wyprodukowany w p\u00f3\u0142nocnej Holandii, do stworzenia tego grilla u\u017cyto wy\u0142\u0105cznie wysokiej jako\u015bci materia\u0142\u00f3w i rzemios\u0142a.<\/p>\n<p>Opr\u00f3cz imponuj\u0105cej jako\u015bci, grill Rockall Del Nord oferuje r\u00f3wnie\u017c praktyczn\u0105 konstrukcj\u0119 skoncentrowan\u0105 na \u0142atwo\u015bci u\u017cytkowania.<br \/>\nPodniesiona blokada t\u0142uszczu zapewnia, \u017ce ca\u0142y t\u0142uszcz jest starannie zbierany, utrzymuj\u0105c buty w czysto\u015bci. Co wi\u0119cej, grill posiada por\u0119czn\u0105 tac\u0119 na akcesoria, dzi\u0119ki czemu wszystko jest w zasi\u0119gu r\u0119ki. Konstrukcja jest nie tylko funkcjonalna, ale tak\u017ce stylowa, co z pewno\u015bci\u0105 zrobi wra\u017cenie na go\u015bciach.<\/p>\n<p><strong>Czym jest grill bez towarzysko\u015bci i atmosfery?<\/strong><br \/>\nGrill Rockall Del Nord to idealne miejsce na przytulne wieczory przy grillu z przyjaci\u00f3\u0142mi i rodzin\u0105. Otwarty ogie\u0144 tworzy ciep\u0142\u0105 i przytuln\u0105 atmosfer\u0119, a grillowanie na drewnie nadaje potrawom pyszny, dymny smak. Dzi\u0119ki temu grillowi mo\u017cesz cieszy\u0107 si\u0119 pysznym jedzeniem i relaksuj\u0105c\u0105 atmosfer\u0105 z najbli\u017cszymi.<\/p>\n<p>Wersja wypoczynkowa grilla Rockall Del Nord jest idealna na relaksuj\u0105ce wieczory z przyjaci\u00f3\u0142mi i rodzin\u0105. Grill ten znajduje si\u0119 nisko nad ziemi\u0105 (66,5 cm) i oferuje przestronn\u0105 powierzchni\u0119 do gotowania. Dzi\u0119ki temu go\u015bcie mog\u0105 wygodnie usi\u0105\u015b\u0107 wok\u00f3\u0142 grilla i cieszy\u0107 si\u0119 ciep\u0142em i atmosfer\u0105 otwartego ognia podczas przygotowywania najsmaczniejszych potraw.<\/p>\n<p>W przypadku imprez i przyj\u0119\u0107 doskona\u0142ym wyborem jest stoj\u0105ca wersja grilla Del Nord Rockall.<\/p>\n<p>Niezale\u017cnie od tego, czy wybierzesz wariant wypoczynkowy, czy stoj\u0105cy, grill Del Nord Rockall z pewno\u015bci\u0105 zrobi wra\u017cenie na Twoich go\u015bciach.<br \/>\nWysokiej jako\u015bci materia\u0142, praktyczna konstrukcja i przytulna atmosfera sprawiaj\u0105, \u017ce ten grill jest idealnym dodatkiem do Twojego ogrodu.<br \/>\nWi\u0119c na co czekasz? Zam\u00f3w teraz i zacznij si\u0119 cieszy\u0107!<\/p>","protected":false},"excerpt":{"rendered":"<p>Ta wersja z serii Excellent sk\u0142ada si\u0119 w ca\u0142o\u015bci ze stali Corten ze wszystkimi praktycznymi zaletami i tymi samymi w\u0142a\u015bciwo\u015bciami serii Excellent.<\/p>","protected":false},"featured_media":675,"comment_status":"open","ping_status":"closed","template":"","meta":{"_acf_changed":false},"product_brand":[],"product_cat":[19,23],"product_tag":[18],"class_list":{"0":"post-678","1":"product","2":"type-product","3":"status-publish","4":"has-post-thumbnail","6":"product_cat-del-nord-excellent","7":"product_cat-rockall","8":"product_tag-del-nord-excellent","9":"product_shipping_class-zware-pakketten","11":"first","12":"instock","13":"taxable","14":"shipping-taxable","15":"purchasable","16":"product-type-simple"},"acf":[],"yoast_head":"<!-- This site is optimized with the Yoast SEO plugin v27.1.1 - https:\/\/yoast.com\/product\/yoast-seo-wordpress\/ -->\n<title>Rockall met Deksel - Delnord<\/title>\n<meta name=\"robots\" content=\"index, follow, max-snippet:-1, max-image-preview:large, max-video-preview:-1\" \/>\n<link rel=\"canonical\" href=\"https:\/\/delnord.com\/pl\/produkt\/rockall-met-deksel\/\" \/>\n<meta property=\"og:locale\" content=\"pl_PL\" \/>\n<meta property=\"og:type\" content=\"article\" \/>\n<meta property=\"og:title\" content=\"Rockall met Deksel - Delnord\" \/>\n<meta property=\"og:description\" content=\"Deze uitvoering uit de Excellent serie bestaat geheel uit Cortenstaal met alle praktische voordelen en dezelfde eigenschappen uit de Excellent serie.\" \/>\n<meta property=\"og:url\" content=\"https:\/\/delnord.com\/pl\/produkt\/rockall-met-deksel\/\" \/>\n<meta property=\"og:site_name\" content=\"Delnord\" \/>\n<meta property=\"article:modified_time\" content=\"2026-01-13T10:05:26+00:00\" \/>\n<meta property=\"og:image\" content=\"https:\/\/delnord.com\/wp-content\/uploads\/2026\/01\/Del-Nord_Excellent_CortenWhitewash.png\" \/>\n\t<meta property=\"og:image:width\" content=\"1099\" \/>\n\t<meta property=\"og:image:height\" content=\"1239\" \/>\n\t<meta property=\"og:image:type\" content=\"image\/png\" \/>\n<meta name=\"twitter:card\" content=\"summary_large_image\" \/>\n<meta name=\"twitter:label1\" content=\"Szacowany czas czytania\" \/>\n\t<meta name=\"twitter:data1\" content=\"3 minuty\" \/>\n<script type=\"application\/ld+json\" class=\"yoast-schema-graph\">{\"@context\":\"https:\/\/schema.org\",\"@graph\":[{\"@type\":\"WebPage\",\"@id\":\"https:\/\/delnord.com\/product\/rockall-met-deksel\/\",\"url\":\"https:\/\/delnord.com\/product\/rockall-met-deksel\/\",\"name\":\"Rockall met Deksel - Delnord\",\"isPartOf\":{\"@id\":\"https:\/\/delnord.com\/#website\"},\"primaryImageOfPage\":{\"@id\":\"https:\/\/delnord.com\/product\/rockall-met-deksel\/#primaryimage\"},\"image\":{\"@id\":\"https:\/\/delnord.com\/product\/rockall-met-deksel\/#primaryimage\"},\"thumbnailUrl\":\"https:\/\/delnord.com\/wp-content\/uploads\/2026\/01\/Del-Nord_Excellent_CortenWhitewash.png\",\"datePublished\":\"2026-01-13T08:22:53+00:00\",\"dateModified\":\"2026-01-13T10:05:26+00:00\",\"breadcrumb\":{\"@id\":\"https:\/\/delnord.com\/product\/rockall-met-deksel\/#breadcrumb\"},\"inLanguage\":\"pl-PL\",\"potentialAction\":[{\"@type\":\"ReadAction\",\"target\":[\"https:\/\/delnord.com\/product\/rockall-met-deksel\/\"]}]},{\"@type\":\"ImageObject\",\"inLanguage\":\"pl-PL\",\"@id\":\"https:\/\/delnord.com\/product\/rockall-met-deksel\/#primaryimage\",\"url\":\"https:\/\/delnord.com\/wp-content\/uploads\/2026\/01\/Del-Nord_Excellent_CortenWhitewash.png\",\"contentUrl\":\"https:\/\/delnord.com\/wp-content\/uploads\/2026\/01\/Del-Nord_Excellent_CortenWhitewash.png\",\"width\":1099,\"height\":1239},{\"@type\":\"BreadcrumbList\",\"@id\":\"https:\/\/delnord.com\/product\/rockall-met-deksel\/#breadcrumb\",\"itemListElement\":[{\"@type\":\"ListItem\",\"position\":1,\"name\":\"Home\",\"item\":\"https:\/\/delnord.com\/\"},{\"@type\":\"ListItem\",\"position\":2,\"name\":\"Winkel\",\"item\":\"https:\/\/delnord.com\/winkel\/\"},{\"@type\":\"ListItem\",\"position\":3,\"name\":\"Rockall met Deksel\"}]},{\"@type\":\"WebSite\",\"@id\":\"https:\/\/delnord.com\/#website\",\"url\":\"https:\/\/delnord.com\/\",\"name\":\"Del Nord\",\"description\":\"Vuur verenigt vrienden\",\"publisher\":{\"@id\":\"https:\/\/delnord.com\/#organization\"},\"potentialAction\":[{\"@type\":\"SearchAction\",\"target\":{\"@type\":\"EntryPoint\",\"urlTemplate\":\"https:\/\/delnord.com\/?s={search_term_string}\"},\"query-input\":{\"@type\":\"PropertyValueSpecification\",\"valueRequired\":true,\"valueName\":\"search_term_string\"}}],\"inLanguage\":\"pl-PL\"},{\"@type\":\"Organization\",\"@id\":\"https:\/\/delnord.com\/#organization\",\"name\":\"Del Nord\",\"url\":\"https:\/\/delnord.com\/\",\"logo\":{\"@type\":\"ImageObject\",\"inLanguage\":\"pl-PL\",\"@id\":\"https:\/\/delnord.com\/#\/schema\/logo\/image\/\",\"url\":\"https:\/\/delnord.com\/wp-content\/uploads\/2024\/12\/Logo_Del-Nord_fc.svg\",\"contentUrl\":\"https:\/\/delnord.com\/wp-content\/uploads\/2024\/12\/Logo_Del-Nord_fc.svg\",\"width\":1,\"height\":1,\"caption\":\"Del Nord\"},\"image\":{\"@id\":\"https:\/\/delnord.com\/#\/schema\/logo\/image\/\"}}]}<\/script>\n<!-- \/ Yoast SEO plugin. -->","yoast_head_json":{"title":"Rockall met Deksel - Delnord","robots":{"index":"index","follow":"follow","max-snippet":"max-snippet:-1","max-image-preview":"max-image-preview:large","max-video-preview":"max-video-preview:-1"},"canonical":"https:\/\/delnord.com\/pl\/produkt\/rockall-met-deksel\/","og_locale":"pl_PL","og_type":"article","og_title":"Rockall met Deksel - Delnord","og_description":"Deze uitvoering uit de Excellent serie bestaat geheel uit Cortenstaal met alle praktische voordelen en dezelfde eigenschappen uit de Excellent serie.","og_url":"https:\/\/delnord.com\/pl\/produkt\/rockall-met-deksel\/","og_site_name":"Delnord","article_modified_time":"2026-01-13T10:05:26+00:00","og_image":[{"width":1099,"height":1239,"url":"https:\/\/delnord.com\/wp-content\/uploads\/2026\/01\/Del-Nord_Excellent_CortenWhitewash.png","type":"image\/png"}],"twitter_card":"summary_large_image","twitter_misc":{"Szacowany czas czytania":"3 minuty"},"schema":{"@context":"https:\/\/schema.org","@graph":[{"@type":"WebPage","@id":"https:\/\/delnord.com\/product\/rockall-met-deksel\/","url":"https:\/\/delnord.com\/product\/rockall-met-deksel\/","name":"Rockall met Deksel - Delnord","isPartOf":{"@id":"https:\/\/delnord.com\/#website"},"primaryImageOfPage":{"@id":"https:\/\/delnord.com\/product\/rockall-met-deksel\/#primaryimage"},"image":{"@id":"https:\/\/delnord.com\/product\/rockall-met-deksel\/#primaryimage"},"thumbnailUrl":"https:\/\/delnord.com\/wp-content\/uploads\/2026\/01\/Del-Nord_Excellent_CortenWhitewash.png","datePublished":"2026-01-13T08:22:53+00:00","dateModified":"2026-01-13T10:05:26+00:00","breadcrumb":{"@id":"https:\/\/delnord.com\/product\/rockall-met-deksel\/#breadcrumb"},"inLanguage":"pl-PL","potentialAction":[{"@type":"ReadAction","target":["https:\/\/delnord.com\/product\/rockall-met-deksel\/"]}]},{"@type":"ImageObject","inLanguage":"pl-PL","@id":"https:\/\/delnord.com\/product\/rockall-met-deksel\/#primaryimage","url":"https:\/\/delnord.com\/wp-content\/uploads\/2026\/01\/Del-Nord_Excellent_CortenWhitewash.png","contentUrl":"https:\/\/delnord.com\/wp-content\/uploads\/2026\/01\/Del-Nord_Excellent_CortenWhitewash.png","width":1099,"height":1239},{"@type":"BreadcrumbList","@id":"https:\/\/delnord.com\/product\/rockall-met-deksel\/#breadcrumb","itemListElement":[{"@type":"ListItem","position":1,"name":"Home","item":"https:\/\/delnord.com\/"},{"@type":"ListItem","position":2,"name":"Winkel","item":"https:\/\/delnord.com\/winkel\/"},{"@type":"ListItem","position":3,"name":"Rockall met Deksel"}]},{"@type":"WebSite","@id":"https:\/\/delnord.com\/#website","url":"https:\/\/delnord.com\/","name":"Del Nord","description":"Ogie\u0144 \u0142\u0105czy przyjaci\u00f3\u0142","publisher":{"@id":"https:\/\/delnord.com\/#organization"},"potentialAction":[{"@type":"SearchAction","target":{"@type":"EntryPoint","urlTemplate":"https:\/\/delnord.com\/?s={search_term_string}"},"query-input":{"@type":"PropertyValueSpecification","valueRequired":true,"valueName":"search_term_string"}}],"inLanguage":"pl-PL"},{"@type":"Organization","@id":"https:\/\/delnord.com\/#organization","name":"Del Nord","url":"https:\/\/delnord.com\/","logo":{"@type":"ImageObject","inLanguage":"pl-PL","@id":"https:\/\/delnord.com\/#\/schema\/logo\/image\/","url":"https:\/\/delnord.com\/wp-content\/uploads\/2024\/12\/Logo_Del-Nord_fc.svg","contentUrl":"https:\/\/delnord.com\/wp-content\/uploads\/2024\/12\/Logo_Del-Nord_fc.svg","width":1,"height":1,"caption":"Del Nord"},"image":{"@id":"https:\/\/delnord.com\/#\/schema\/logo\/image\/"}}]}},"_links":{"self":[{"href":"https:\/\/delnord.com\/pl\/wp-json\/wp\/v2\/product\/678","targetHints":{"allow":["GET"]}}],"collection":[{"href":"https:\/\/delnord.com\/pl\/wp-json\/wp\/v2\/product"}],"about":[{"href":"https:\/\/delnord.com\/pl\/wp-json\/wp\/v2\/types\/product"}],"replies":[{"embeddable":true,"href":"https:\/\/delnord.com\/pl\/wp-json\/wp\/v2\/comments?post=678"}],"wp:featuredmedia":[{"embeddable":true,"href":"https:\/\/delnord.com\/pl\/wp-json\/wp\/v2\/media\/675"}],"wp:attachment":[{"href":"https:\/\/delnord.com\/pl\/wp-json\/wp\/v2\/media?parent=678"}],"wp:term":[{"taxonomy":"product_brand","embeddable":true,"href":"https:\/\/delnord.com\/pl\/wp-json\/wp\/v2\/product_brand?post=678"},{"taxonomy":"product_cat","embeddable":true,"href":"https:\/\/delnord.com\/pl\/wp-json\/wp\/v2\/product_cat?post=678"},{"taxonomy":"product_tag","embeddable":true,"href":"https:\/\/delnord.com\/pl\/wp-json\/wp\/v2\/product_tag?post=678"}],"curies":[{"name":"wp","href":"https:\/\/api.w.org\/{rel}","templated":true}]}}