{"id":532,"date":"2025-01-30T08:48:44","date_gmt":"2025-01-30T08:48:44","guid":{"rendered":"https:\/\/delnord.com\/?post_type=product&#038;p=532"},"modified":"2025-01-30T08:53:29","modified_gmt":"2025-01-30T08:53:29","slug":"creator-2-0-premium-unisex-t-shirt","status":"publish","type":"product","link":"https:\/\/delnord.com\/pl\/produkt\/creator-2-0-premium-unisex-t-shirt\/","title":{"rendered":"Creator 2.0 | Koszulka unisex premium"},"content":{"rendered":"<p>Wpuszczane r\u0119kawy. \u015aci\u0105gacze 1\u00d71 przy ko\u0142nierzu. Ta\u015bma wzmacniaj\u0105ca na karku od wewn\u0105trz z tego samego materia\u0142u. Szerokie podw\u00f3jne szwy ozdobne u do\u0142u r\u0119kaw\u00f3w i tu\u0142owia.<\/p>","protected":false},"excerpt":{"rendered":"<p>Wpuszczane r\u0119kawy. \u015aci\u0105gacze 1\u00d71 przy ko\u0142nierzu. Ta\u015bma wzmacniaj\u0105ca na karku od wewn\u0105trz z tego samego materia\u0142u. Szerokie podw\u00f3jne szwy ozdobne u do\u0142u r\u0119kaw\u00f3w i tu\u0142owia.<\/p>","protected":false},"featured_media":533,"comment_status":"open","ping_status":"closed","template":"","meta":{"_acf_changed":false},"product_brand":[],"product_cat":[25],"product_tag":[49],"class_list":{"0":"post-532","1":"product","2":"type-product","3":"status-publish","4":"has-post-thumbnail","6":"product_cat-accessoires","7":"product_tag-accessoires","9":"first","10":"instock","11":"taxable","12":"shipping-taxable","13":"purchasable","14":"product-type-simple"},"acf":[],"yoast_head":"<!-- This site is optimized with the Yoast SEO plugin v27.1.1 - https:\/\/yoast.com\/product\/yoast-seo-wordpress\/ -->\n<title>Creator 2.0 | Premium Unisex T-shirt - Delnord<\/title>\n<meta name=\"robots\" content=\"index, follow, max-snippet:-1, max-image-preview:large, max-video-preview:-1\" \/>\n<link rel=\"canonical\" href=\"https:\/\/delnord.com\/pl\/produkt\/creator-2-0-premium-unisex-t-shirt\/\" \/>\n<meta property=\"og:locale\" content=\"pl_PL\" \/>\n<meta property=\"og:type\" content=\"article\" \/>\n<meta property=\"og:title\" content=\"Creator 2.0 | Premium Unisex T-shirt - Delnord\" \/>\n<meta property=\"og:description\" content=\"Ingezette mouwen. 1&#215;1-ribboord aan de kraag. Nekband aan de binnenkant in dezelfde stof. Breed dubbel sierstiksel onderaan de mouwen en de body.\" \/>\n<meta property=\"og:url\" content=\"https:\/\/delnord.com\/pl\/produkt\/creator-2-0-premium-unisex-t-shirt\/\" \/>\n<meta property=\"og:site_name\" content=\"Delnord\" \/>\n<meta property=\"article:modified_time\" content=\"2025-01-30T08:53:29+00:00\" \/>\n<meta property=\"og:image\" content=\"https:\/\/delnord.com\/wp-content\/uploads\/2025\/01\/Creator-2.0-Premium-Unisex-T-shirt.png\" \/>\n\t<meta property=\"og:image:width\" content=\"907\" \/>\n\t<meta property=\"og:image:height\" content=\"907\" \/>\n\t<meta property=\"og:image:type\" content=\"image\/png\" \/>\n<meta name=\"twitter:card\" content=\"summary_large_image\" \/>\n<script type=\"application\/ld+json\" class=\"yoast-schema-graph\">{\"@context\":\"https:\/\/schema.org\",\"@graph\":[{\"@type\":\"WebPage\",\"@id\":\"https:\/\/delnord.com\/product\/creator-2-0-premium-unisex-t-shirt\/\",\"url\":\"https:\/\/delnord.com\/product\/creator-2-0-premium-unisex-t-shirt\/\",\"name\":\"Creator 2.0 | Premium Unisex T-shirt - Delnord\",\"isPartOf\":{\"@id\":\"https:\/\/delnord.com\/#website\"},\"primaryImageOfPage\":{\"@id\":\"https:\/\/delnord.com\/product\/creator-2-0-premium-unisex-t-shirt\/#primaryimage\"},\"image\":{\"@id\":\"https:\/\/delnord.com\/product\/creator-2-0-premium-unisex-t-shirt\/#primaryimage\"},\"thumbnailUrl\":\"https:\/\/delnord.com\/wp-content\/uploads\/2025\/01\/Creator-2.0-Premium-Unisex-T-shirt.png\",\"datePublished\":\"2025-01-30T08:48:44+00:00\",\"dateModified\":\"2025-01-30T08:53:29+00:00\",\"breadcrumb\":{\"@id\":\"https:\/\/delnord.com\/product\/creator-2-0-premium-unisex-t-shirt\/#breadcrumb\"},\"inLanguage\":\"pl-PL\",\"potentialAction\":[{\"@type\":\"ReadAction\",\"target\":[\"https:\/\/delnord.com\/product\/creator-2-0-premium-unisex-t-shirt\/\"]}]},{\"@type\":\"ImageObject\",\"inLanguage\":\"pl-PL\",\"@id\":\"https:\/\/delnord.com\/product\/creator-2-0-premium-unisex-t-shirt\/#primaryimage\",\"url\":\"https:\/\/delnord.com\/wp-content\/uploads\/2025\/01\/Creator-2.0-Premium-Unisex-T-shirt.png\",\"contentUrl\":\"https:\/\/delnord.com\/wp-content\/uploads\/2025\/01\/Creator-2.0-Premium-Unisex-T-shirt.png\",\"width\":907,\"height\":907},{\"@type\":\"BreadcrumbList\",\"@id\":\"https:\/\/delnord.com\/product\/creator-2-0-premium-unisex-t-shirt\/#breadcrumb\",\"itemListElement\":[{\"@type\":\"ListItem\",\"position\":1,\"name\":\"Home\",\"item\":\"https:\/\/delnord.com\/\"},{\"@type\":\"ListItem\",\"position\":2,\"name\":\"Winkel\",\"item\":\"https:\/\/delnord.com\/winkel\/\"},{\"@type\":\"ListItem\",\"position\":3,\"name\":\"Creator 2.0 | Premium Unisex T-shirt\"}]},{\"@type\":\"WebSite\",\"@id\":\"https:\/\/delnord.com\/#website\",\"url\":\"https:\/\/delnord.com\/\",\"name\":\"Del Nord\",\"description\":\"Vuur verenigt vrienden\",\"publisher\":{\"@id\":\"https:\/\/delnord.com\/#organization\"},\"potentialAction\":[{\"@type\":\"SearchAction\",\"target\":{\"@type\":\"EntryPoint\",\"urlTemplate\":\"https:\/\/delnord.com\/?s={search_term_string}\"},\"query-input\":{\"@type\":\"PropertyValueSpecification\",\"valueRequired\":true,\"valueName\":\"search_term_string\"}}],\"inLanguage\":\"pl-PL\"},{\"@type\":\"Organization\",\"@id\":\"https:\/\/delnord.com\/#organization\",\"name\":\"Del Nord\",\"url\":\"https:\/\/delnord.com\/\",\"logo\":{\"@type\":\"ImageObject\",\"inLanguage\":\"pl-PL\",\"@id\":\"https:\/\/delnord.com\/#\/schema\/logo\/image\/\",\"url\":\"https:\/\/delnord.com\/wp-content\/uploads\/2024\/12\/Logo_Del-Nord_fc.svg\",\"contentUrl\":\"https:\/\/delnord.com\/wp-content\/uploads\/2024\/12\/Logo_Del-Nord_fc.svg\",\"width\":1,\"height\":1,\"caption\":\"Del Nord\"},\"image\":{\"@id\":\"https:\/\/delnord.com\/#\/schema\/logo\/image\/\"}}]}<\/script>\n<!-- \/ Yoast SEO plugin. -->","yoast_head_json":{"title":"Creator 2.0 | Koszulka Premium Unisex - Delnord","robots":{"index":"index","follow":"follow","max-snippet":"max-snippet:-1","max-image-preview":"max-image-preview:large","max-video-preview":"max-video-preview:-1"},"canonical":"https:\/\/delnord.com\/pl\/produkt\/creator-2-0-premium-unisex-t-shirt\/","og_locale":"pl_PL","og_type":"article","og_title":"Creator 2.0 | Premium Unisex T-shirt - Delnord","og_description":"Ingezette mouwen. 1&#215;1-ribboord aan de kraag. Nekband aan de binnenkant in dezelfde stof. Breed dubbel sierstiksel onderaan de mouwen en de body.","og_url":"https:\/\/delnord.com\/pl\/produkt\/creator-2-0-premium-unisex-t-shirt\/","og_site_name":"Delnord","article_modified_time":"2025-01-30T08:53:29+00:00","og_image":[{"width":907,"height":907,"url":"https:\/\/delnord.com\/wp-content\/uploads\/2025\/01\/Creator-2.0-Premium-Unisex-T-shirt.png","type":"image\/png"}],"twitter_card":"summary_large_image","schema":{"@context":"https:\/\/schema.org","@graph":[{"@type":"WebPage","@id":"https:\/\/delnord.com\/product\/creator-2-0-premium-unisex-t-shirt\/","url":"https:\/\/delnord.com\/product\/creator-2-0-premium-unisex-t-shirt\/","name":"Creator 2.0 | Koszulka Premium Unisex - Delnord","isPartOf":{"@id":"https:\/\/delnord.com\/#website"},"primaryImageOfPage":{"@id":"https:\/\/delnord.com\/product\/creator-2-0-premium-unisex-t-shirt\/#primaryimage"},"image":{"@id":"https:\/\/delnord.com\/product\/creator-2-0-premium-unisex-t-shirt\/#primaryimage"},"thumbnailUrl":"https:\/\/delnord.com\/wp-content\/uploads\/2025\/01\/Creator-2.0-Premium-Unisex-T-shirt.png","datePublished":"2025-01-30T08:48:44+00:00","dateModified":"2025-01-30T08:53:29+00:00","breadcrumb":{"@id":"https:\/\/delnord.com\/product\/creator-2-0-premium-unisex-t-shirt\/#breadcrumb"},"inLanguage":"pl-PL","potentialAction":[{"@type":"ReadAction","target":["https:\/\/delnord.com\/product\/creator-2-0-premium-unisex-t-shirt\/"]}]},{"@type":"ImageObject","inLanguage":"pl-PL","@id":"https:\/\/delnord.com\/product\/creator-2-0-premium-unisex-t-shirt\/#primaryimage","url":"https:\/\/delnord.com\/wp-content\/uploads\/2025\/01\/Creator-2.0-Premium-Unisex-T-shirt.png","contentUrl":"https:\/\/delnord.com\/wp-content\/uploads\/2025\/01\/Creator-2.0-Premium-Unisex-T-shirt.png","width":907,"height":907},{"@type":"BreadcrumbList","@id":"https:\/\/delnord.com\/product\/creator-2-0-premium-unisex-t-shirt\/#breadcrumb","itemListElement":[{"@type":"ListItem","position":1,"name":"Home","item":"https:\/\/delnord.com\/"},{"@type":"ListItem","position":2,"name":"Winkel","item":"https:\/\/delnord.com\/winkel\/"},{"@type":"ListItem","position":3,"name":"Creator 2.0 | Premium Unisex T-shirt"}]},{"@type":"WebSite","@id":"https:\/\/delnord.com\/#website","url":"https:\/\/delnord.com\/","name":"Del Nord","description":"Ogie\u0144 \u0142\u0105czy przyjaci\u00f3\u0142","publisher":{"@id":"https:\/\/delnord.com\/#organization"},"potentialAction":[{"@type":"SearchAction","target":{"@type":"EntryPoint","urlTemplate":"https:\/\/delnord.com\/?s={search_term_string}"},"query-input":{"@type":"PropertyValueSpecification","valueRequired":true,"valueName":"search_term_string"}}],"inLanguage":"pl-PL"},{"@type":"Organization","@id":"https:\/\/delnord.com\/#organization","name":"Del Nord","url":"https:\/\/delnord.com\/","logo":{"@type":"ImageObject","inLanguage":"pl-PL","@id":"https:\/\/delnord.com\/#\/schema\/logo\/image\/","url":"https:\/\/delnord.com\/wp-content\/uploads\/2024\/12\/Logo_Del-Nord_fc.svg","contentUrl":"https:\/\/delnord.com\/wp-content\/uploads\/2024\/12\/Logo_Del-Nord_fc.svg","width":1,"height":1,"caption":"Del Nord"},"image":{"@id":"https:\/\/delnord.com\/#\/schema\/logo\/image\/"}}]}},"_links":{"self":[{"href":"https:\/\/delnord.com\/pl\/wp-json\/wp\/v2\/product\/532","targetHints":{"allow":["GET"]}}],"collection":[{"href":"https:\/\/delnord.com\/pl\/wp-json\/wp\/v2\/product"}],"about":[{"href":"https:\/\/delnord.com\/pl\/wp-json\/wp\/v2\/types\/product"}],"replies":[{"embeddable":true,"href":"https:\/\/delnord.com\/pl\/wp-json\/wp\/v2\/comments?post=532"}],"wp:featuredmedia":[{"embeddable":true,"href":"https:\/\/delnord.com\/pl\/wp-json\/wp\/v2\/media\/533"}],"wp:attachment":[{"href":"https:\/\/delnord.com\/pl\/wp-json\/wp\/v2\/media?parent=532"}],"wp:term":[{"taxonomy":"product_brand","embeddable":true,"href":"https:\/\/delnord.com\/pl\/wp-json\/wp\/v2\/product_brand?post=532"},{"taxonomy":"product_cat","embeddable":true,"href":"https:\/\/delnord.com\/pl\/wp-json\/wp\/v2\/product_cat?post=532"},{"taxonomy":"product_tag","embeddable":true,"href":"https:\/\/delnord.com\/pl\/wp-json\/wp\/v2\/product_tag?post=532"}],"curies":[{"name":"wp","href":"https:\/\/api.w.org\/{rel}","templated":true}]}}