{"id":398,"date":"2025-01-09T10:19:55","date_gmt":"2025-01-09T10:19:55","guid":{"rendered":"https:\/\/staging.delnord.com\/?post_type=product&#038;p=398"},"modified":"2025-01-30T12:47:02","modified_gmt":"2025-01-30T12:47:02","slug":"beschermhoes-excellent-model","status":"publish","type":"product","link":"https:\/\/delnord.com\/pl\/produkt\/beschermhoes-excellent-model\/","title":{"rendered":"Os\u0142ona ochronna (model Excellent)"},"content":{"rendered":"<p>Wysokiej jako\u015bci pokrowiec ochronny, wodoodporny i odporny na promieniowanie UV. Chroni przed r\u00f3\u017cnymi czynnikami pogodowymi.<\/p>\n<p><strong>Jak u\u017cywa\u0107 os\u0142ony ochronnej?\u00a0<\/strong><\/p>\n<p>Umieszczaj\u0105c klocek drewna nad otworem w blasze do pieczenia, tworzysz rodzaj wysokiego punktu w pokrywie. W przeciwnym razie woda deszczowa pozostanie na pokrywie grilla. Zapewnia to r\u00f3wnie\u017c przep\u0142yw powietrza.<\/p>","protected":false},"excerpt":{"rendered":"<p>Wysokiej jako\u015bci pokrowiec ochronny, wodoodporny i odporny na promieniowanie UV. Chroni przed r\u00f3\u017cnymi czynnikami pogodowymi. Jak u\u017cywa\u0107 pokrywy ochronnej?  Umieszczaj\u0105c klocek drewna nad otworem na ruszt, tworzysz rodzaj wysokiego punktu w pokrywie. W przeciwnym razie woda deszczowa pozostanie na pokrywie grilla. Zapewnia to r\u00f3wnie\u017c przep\u0142yw powietrza.<\/p>","protected":false},"featured_media":399,"comment_status":"open","ping_status":"closed","template":"","meta":{"_acf_changed":false},"product_brand":[],"product_cat":[25],"product_tag":[49],"class_list":{"0":"post-398","1":"product","2":"type-product","3":"status-publish","4":"has-post-thumbnail","6":"product_cat-accessoires","7":"product_tag-accessoires","9":"first","10":"instock","11":"taxable","12":"shipping-taxable","13":"purchasable","14":"product-type-simple"},"acf":[],"yoast_head":"<!-- This site is optimized with the Yoast SEO plugin v27.1.1 - https:\/\/yoast.com\/product\/yoast-seo-wordpress\/ -->\n<title>Beschermhoes (Excellent model) - Delnord<\/title>\n<meta name=\"robots\" content=\"index, follow, max-snippet:-1, max-image-preview:large, max-video-preview:-1\" \/>\n<link rel=\"canonical\" href=\"https:\/\/delnord.com\/pl\/produkt\/beschermhoes-excellent-model\/\" \/>\n<meta property=\"og:locale\" content=\"pl_PL\" \/>\n<meta property=\"og:type\" content=\"article\" \/>\n<meta property=\"og:title\" content=\"Beschermhoes (Excellent model) - Delnord\" \/>\n<meta property=\"og:description\" content=\"A kwaliteit beschermhoes, waterdicht en UV bestendig. Beschermt tegen verschillende weersinvloeden. Hoe gebruik je de beschermhoes?\u00a0 Door en blok hout over het gat van de bakplaat te leggen cre\u00eber je een soort hoog punt in de hoes. Regenwater blijft anders op de hoes van de barbecue te liggen. Tevens behoud je een luchtstroom.\" \/>\n<meta property=\"og:url\" content=\"https:\/\/delnord.com\/pl\/produkt\/beschermhoes-excellent-model\/\" \/>\n<meta property=\"og:site_name\" content=\"Delnord\" \/>\n<meta property=\"article:modified_time\" content=\"2025-01-30T12:47:02+00:00\" \/>\n<meta property=\"og:image\" content=\"https:\/\/delnord.com\/wp-content\/uploads\/2025\/01\/Del-Nord-beschermhoes.png\" \/>\n\t<meta property=\"og:image:width\" content=\"1185\" \/>\n\t<meta property=\"og:image:height\" content=\"1494\" \/>\n\t<meta property=\"og:image:type\" content=\"image\/png\" \/>\n<meta name=\"twitter:card\" content=\"summary_large_image\" \/>\n<script type=\"application\/ld+json\" class=\"yoast-schema-graph\">{\"@context\":\"https:\/\/schema.org\",\"@graph\":[{\"@type\":\"WebPage\",\"@id\":\"https:\/\/delnord.com\/product\/beschermhoes-excellent-model\/\",\"url\":\"https:\/\/delnord.com\/product\/beschermhoes-excellent-model\/\",\"name\":\"Beschermhoes (Excellent model) - Delnord\",\"isPartOf\":{\"@id\":\"https:\/\/delnord.com\/#website\"},\"primaryImageOfPage\":{\"@id\":\"https:\/\/delnord.com\/product\/beschermhoes-excellent-model\/#primaryimage\"},\"image\":{\"@id\":\"https:\/\/delnord.com\/product\/beschermhoes-excellent-model\/#primaryimage\"},\"thumbnailUrl\":\"https:\/\/delnord.com\/wp-content\/uploads\/2025\/01\/Del-Nord-beschermhoes.png\",\"datePublished\":\"2025-01-09T10:19:55+00:00\",\"dateModified\":\"2025-01-30T12:47:02+00:00\",\"breadcrumb\":{\"@id\":\"https:\/\/delnord.com\/product\/beschermhoes-excellent-model\/#breadcrumb\"},\"inLanguage\":\"pl-PL\",\"potentialAction\":[{\"@type\":\"ReadAction\",\"target\":[\"https:\/\/delnord.com\/product\/beschermhoes-excellent-model\/\"]}]},{\"@type\":\"ImageObject\",\"inLanguage\":\"pl-PL\",\"@id\":\"https:\/\/delnord.com\/product\/beschermhoes-excellent-model\/#primaryimage\",\"url\":\"https:\/\/delnord.com\/wp-content\/uploads\/2025\/01\/Del-Nord-beschermhoes.png\",\"contentUrl\":\"https:\/\/delnord.com\/wp-content\/uploads\/2025\/01\/Del-Nord-beschermhoes.png\",\"width\":1185,\"height\":1494},{\"@type\":\"BreadcrumbList\",\"@id\":\"https:\/\/delnord.com\/product\/beschermhoes-excellent-model\/#breadcrumb\",\"itemListElement\":[{\"@type\":\"ListItem\",\"position\":1,\"name\":\"Home\",\"item\":\"https:\/\/delnord.com\/\"},{\"@type\":\"ListItem\",\"position\":2,\"name\":\"Winkel\",\"item\":\"https:\/\/delnord.com\/winkel\/\"},{\"@type\":\"ListItem\",\"position\":3,\"name\":\"Beschermhoes (Excellent model)\"}]},{\"@type\":\"WebSite\",\"@id\":\"https:\/\/delnord.com\/#website\",\"url\":\"https:\/\/delnord.com\/\",\"name\":\"Del Nord\",\"description\":\"Vuur verenigt vrienden\",\"publisher\":{\"@id\":\"https:\/\/delnord.com\/#organization\"},\"potentialAction\":[{\"@type\":\"SearchAction\",\"target\":{\"@type\":\"EntryPoint\",\"urlTemplate\":\"https:\/\/delnord.com\/?s={search_term_string}\"},\"query-input\":{\"@type\":\"PropertyValueSpecification\",\"valueRequired\":true,\"valueName\":\"search_term_string\"}}],\"inLanguage\":\"pl-PL\"},{\"@type\":\"Organization\",\"@id\":\"https:\/\/delnord.com\/#organization\",\"name\":\"Del Nord\",\"url\":\"https:\/\/delnord.com\/\",\"logo\":{\"@type\":\"ImageObject\",\"inLanguage\":\"pl-PL\",\"@id\":\"https:\/\/delnord.com\/#\/schema\/logo\/image\/\",\"url\":\"https:\/\/delnord.com\/wp-content\/uploads\/2024\/12\/Logo_Del-Nord_fc.svg\",\"contentUrl\":\"https:\/\/delnord.com\/wp-content\/uploads\/2024\/12\/Logo_Del-Nord_fc.svg\",\"width\":1,\"height\":1,\"caption\":\"Del Nord\"},\"image\":{\"@id\":\"https:\/\/delnord.com\/#\/schema\/logo\/image\/\"}}]}<\/script>\n<!-- \/ Yoast SEO plugin. -->","yoast_head_json":{"title":"Os\u0142ona ochronna (model Excellent) - Delnord","robots":{"index":"index","follow":"follow","max-snippet":"max-snippet:-1","max-image-preview":"max-image-preview:large","max-video-preview":"max-video-preview:-1"},"canonical":"https:\/\/delnord.com\/pl\/produkt\/beschermhoes-excellent-model\/","og_locale":"pl_PL","og_type":"article","og_title":"Beschermhoes (Excellent model) - Delnord","og_description":"A kwaliteit beschermhoes, waterdicht en UV bestendig. Beschermt tegen verschillende weersinvloeden. Hoe gebruik je de beschermhoes?\u00a0 Door en blok hout over het gat van de bakplaat te leggen cre\u00eber je een soort hoog punt in de hoes. Regenwater blijft anders op de hoes van de barbecue te liggen. Tevens behoud je een luchtstroom.","og_url":"https:\/\/delnord.com\/pl\/produkt\/beschermhoes-excellent-model\/","og_site_name":"Delnord","article_modified_time":"2025-01-30T12:47:02+00:00","og_image":[{"width":1185,"height":1494,"url":"https:\/\/delnord.com\/wp-content\/uploads\/2025\/01\/Del-Nord-beschermhoes.png","type":"image\/png"}],"twitter_card":"summary_large_image","schema":{"@context":"https:\/\/schema.org","@graph":[{"@type":"WebPage","@id":"https:\/\/delnord.com\/product\/beschermhoes-excellent-model\/","url":"https:\/\/delnord.com\/product\/beschermhoes-excellent-model\/","name":"Os\u0142ona ochronna (model Excellent) - Delnord","isPartOf":{"@id":"https:\/\/delnord.com\/#website"},"primaryImageOfPage":{"@id":"https:\/\/delnord.com\/product\/beschermhoes-excellent-model\/#primaryimage"},"image":{"@id":"https:\/\/delnord.com\/product\/beschermhoes-excellent-model\/#primaryimage"},"thumbnailUrl":"https:\/\/delnord.com\/wp-content\/uploads\/2025\/01\/Del-Nord-beschermhoes.png","datePublished":"2025-01-09T10:19:55+00:00","dateModified":"2025-01-30T12:47:02+00:00","breadcrumb":{"@id":"https:\/\/delnord.com\/product\/beschermhoes-excellent-model\/#breadcrumb"},"inLanguage":"pl-PL","potentialAction":[{"@type":"ReadAction","target":["https:\/\/delnord.com\/product\/beschermhoes-excellent-model\/"]}]},{"@type":"ImageObject","inLanguage":"pl-PL","@id":"https:\/\/delnord.com\/product\/beschermhoes-excellent-model\/#primaryimage","url":"https:\/\/delnord.com\/wp-content\/uploads\/2025\/01\/Del-Nord-beschermhoes.png","contentUrl":"https:\/\/delnord.com\/wp-content\/uploads\/2025\/01\/Del-Nord-beschermhoes.png","width":1185,"height":1494},{"@type":"BreadcrumbList","@id":"https:\/\/delnord.com\/product\/beschermhoes-excellent-model\/#breadcrumb","itemListElement":[{"@type":"ListItem","position":1,"name":"Home","item":"https:\/\/delnord.com\/"},{"@type":"ListItem","position":2,"name":"Winkel","item":"https:\/\/delnord.com\/winkel\/"},{"@type":"ListItem","position":3,"name":"Beschermhoes (Excellent model)"}]},{"@type":"WebSite","@id":"https:\/\/delnord.com\/#website","url":"https:\/\/delnord.com\/","name":"Del Nord","description":"Ogie\u0144 \u0142\u0105czy przyjaci\u00f3\u0142","publisher":{"@id":"https:\/\/delnord.com\/#organization"},"potentialAction":[{"@type":"SearchAction","target":{"@type":"EntryPoint","urlTemplate":"https:\/\/delnord.com\/?s={search_term_string}"},"query-input":{"@type":"PropertyValueSpecification","valueRequired":true,"valueName":"search_term_string"}}],"inLanguage":"pl-PL"},{"@type":"Organization","@id":"https:\/\/delnord.com\/#organization","name":"Del Nord","url":"https:\/\/delnord.com\/","logo":{"@type":"ImageObject","inLanguage":"pl-PL","@id":"https:\/\/delnord.com\/#\/schema\/logo\/image\/","url":"https:\/\/delnord.com\/wp-content\/uploads\/2024\/12\/Logo_Del-Nord_fc.svg","contentUrl":"https:\/\/delnord.com\/wp-content\/uploads\/2024\/12\/Logo_Del-Nord_fc.svg","width":1,"height":1,"caption":"Del Nord"},"image":{"@id":"https:\/\/delnord.com\/#\/schema\/logo\/image\/"}}]}},"_links":{"self":[{"href":"https:\/\/delnord.com\/pl\/wp-json\/wp\/v2\/product\/398","targetHints":{"allow":["GET"]}}],"collection":[{"href":"https:\/\/delnord.com\/pl\/wp-json\/wp\/v2\/product"}],"about":[{"href":"https:\/\/delnord.com\/pl\/wp-json\/wp\/v2\/types\/product"}],"replies":[{"embeddable":true,"href":"https:\/\/delnord.com\/pl\/wp-json\/wp\/v2\/comments?post=398"}],"wp:featuredmedia":[{"embeddable":true,"href":"https:\/\/delnord.com\/pl\/wp-json\/wp\/v2\/media\/399"}],"wp:attachment":[{"href":"https:\/\/delnord.com\/pl\/wp-json\/wp\/v2\/media?parent=398"}],"wp:term":[{"taxonomy":"product_brand","embeddable":true,"href":"https:\/\/delnord.com\/pl\/wp-json\/wp\/v2\/product_brand?post=398"},{"taxonomy":"product_cat","embeddable":true,"href":"https:\/\/delnord.com\/pl\/wp-json\/wp\/v2\/product_cat?post=398"},{"taxonomy":"product_tag","embeddable":true,"href":"https:\/\/delnord.com\/pl\/wp-json\/wp\/v2\/product_tag?post=398"}],"curies":[{"name":"wp","href":"https:\/\/api.w.org\/{rel}","templated":true}]}}